{"id":11,"date":"2024-02-29T11:22:37","date_gmt":"2024-02-29T14:22:37","guid":{"rendered":"https:\/\/darm.uepa.br\/?page_id=11"},"modified":"2026-02-03T13:13:05","modified_gmt":"2026-02-03T16:13:05","slug":"home","status":"publish","type":"page","link":"https:\/\/darm.uepa.br\/","title":{"rendered":"Home"},"content":{"rendered":"\n<style>\r\n.ast-above-header-wrap  {\r\nbackground: none;\r\n}\r\n<\/style>\n\n\n\n<div class=\"wp-block-uagb-container uagb-block-48b5beed alignfull uagb-is-root-container\"><div class=\"uagb-container__shape uagb-container__shape-bottom uagb-container__invert\" data-negative=\"false\"><svg xmlns=\"https:\/\/www.w3.org\/2000\/svg\" viewBox=\"0 0 1000 100\" preserveAspectRatio=\"none\"><path class=\"uagb-container__shape-fill\" d=\"M0,0c0,0,0,6,0,6.7c0,18,240.2,93.6,615.2,92.6C989.8,98.5,1000,25,1000,6.7c0-0.7,0-6.7,0-6.7H0z\"><\/path><\/svg><\/div><div class=\"uagb-container-inner-blocks-wrap\">\n<div class=\"wp-block-uagb-container uagb-block-7d873da0\">\n<div class=\"inherit-container-width wp-block-group is-layout-constrained wp-block-group-is-layout-constrained\">\n<div class=\"wp-block-uagb-advanced-heading uagb-block-e41d20aa\"><h2 class=\"uagb-heading-text\">Diretoria de Administra\u00e7\u00e3o de Recursos de Materiais<\/h2><\/div>\n\n\n\n<div class=\"wp-block-uagb-advanced-heading uagb-block-bd6bf1bd justify\"><p class=\"uagb-heading-text\">Respons\u00e1vel pela coordena\u00e7\u00e3o, execu\u00e7\u00e3o e controle das atividades relativas \u00e0 aquisi\u00e7\u00e3o, recep\u00e7\u00e3o, armazenagem e distribui\u00e7\u00e3o de material de consumo e permanente.<\/p><\/div>\n\n\n\n<div class=\"wp-block-uagb-buttons uagb-buttons__outer-wrap uagb-btn__default-btn uagb-btn-tablet__default-btn uagb-btn-mobile__default-btn uagb-block-e458a6c3\"><div class=\"uagb-buttons__wrap uagb-buttons-layout-wrap\">\n<div class=\"wp-block-uagb-buttons-child uagb-buttons__outer-wrap uagb-block-93034a8e wp-block-button\"><div class=\"uagb-button__wrapper\"><a class=\"uagb-buttons-repeater wp-block-button__link\" href=\"#itens\" onclick=\"return true;\" rel=\"follow noopener\" target=\"_self\"><div class=\"uagb-button__link\">Saiba mais<\/div><\/a><\/div><\/div>\n<\/div><\/div>\n<\/div>\n\n\n\n<div class=\"inherit-container-width wp-block-group is-content-justification-left is-layout-constrained wp-container-core-group-is-layout-cc739763 wp-block-group-is-layout-constrained\">\n<div class=\"wp-block-uagb-image alignleft uagb-block-00cb76d5 wp-block-uagb-image--layout-default wp-block-uagb-image--effect-static wp-block-uagb-image--align-left\"><figure class=\"wp-block-uagb-image__figure\"><img decoding=\"async\" srcset=\"https:\/\/darm.uepa.br\/wp-content\/uploads\/2026\/02\/logo-uepa-branca_Prancheta-1-300x212.png ,https:\/\/darm.uepa.br\/wp-content\/uploads\/2026\/02\/logo-uepa-branca_Prancheta-1-scaled.png 780w, https:\/\/darm.uepa.br\/wp-content\/uploads\/2026\/02\/logo-uepa-branca_Prancheta-1-scaled.png 360w\" sizes=\"auto, (max-width: 480px) 150px\" src=\"https:\/\/darm.uepa.br\/wp-content\/uploads\/2026\/02\/logo-uepa-branca_Prancheta-1-300x212.png\" alt=\"\" class=\"uag-image-182\" width=\"300\" height=\"212\" title=\"\" loading=\"lazy\"\/><\/figure><\/div>\n<\/div>\n<\/div>\n\n\n\n<div class=\"wp-block-uagb-container uagb-block-f68d267d\"><\/div>\n<\/div><\/div>\n\n\n\n<div id=\"itens\" class=\"wp-block-uagb-container uagb-block-4dc9cd5c alignfull uagb-is-root-container\"><div class=\"uagb-container-inner-blocks-wrap\">\n<div class=\"wp-block-uagb-advanced-heading uagb-block-037ace69\" id=\"apresentacao\"><h3 class=\"uagb-heading-text\"><strong>Apresenta\u00e7\u00e3o<\/strong><\/h3><div class=\"uagb-separator\"><\/div><\/div>\n\n\n\n<p>A Diretoria de Administra\u00e7\u00e3o de Recursos Materiais \u00e9 uma diretoria vinculada a PROGESP (Pr\u00f3-Reitoria de Gest\u00e3o e Planejamento) para o qual s\u00e3o feitas as solicita\u00e7\u00f5es para aquisi\u00e7\u00e3o de material de consumo e permanente.<br>\u00c9 composta pela Coordena\u00e7\u00e3o do Almoxarifado Central, a qual \u00e9 respons\u00e1vel pelo armazenamento e distribui\u00e7\u00e3o dos materiais adquiridos.<\/p>\n\n\n\n<h3 class=\"wp-block-heading has-text-align-center has-ast-global-color-8-color has-text-color has-link-color wp-elements-91bdb9c648f49bf4b66a3f5f5ea96b47\"><strong>Quem Somos:<\/strong><\/h3>\n\n\n\n<p>A DARM desempenha um papel fundamental na administra\u00e7\u00e3o estrat\u00e9gica dos recursos materiais da UEPA.<br>Tem como miss\u00e3o garantir o fornecimento adequado e o gerenciamento eficiente dos materiais necess\u00e1rios para apoiar as atividades acad\u00eamicas, administrativas e de pesquisa da universidade.<\/p>\n\n\n\n<h3 class=\"wp-block-heading has-text-align-center\"><strong>Compromisso com a Efici\u00eancia:<\/strong><\/h3>\n\n\n\n<ul style=\"margin-top:0;margin-right:0;margin-bottom:0;margin-left:0\" class=\"wp-block-list lista has-ast-global-color-8-color has-text-color has-link-color wp-elements-2282586ff0000f843fc1ea0aba1d13e5\">\n<li><strong>Autuar os pedidos de compras<\/strong><\/li>\n\n\n\n<li><strong>Orientar as unidades na elabora\u00e7\u00e3o das especifica\u00e7\u00f5es dos objetos<\/strong><\/li>\n\n\n\n<li><strong>Definir as modalidades de compras<\/strong><\/li>\n\n\n\n<li><strong>Recepcionar e armazenar os materiais e equipamentos adquiridos pela Universidade<\/strong><\/li>\n\n\n\n<li><strong>Distribuir o &nbsp;os materiais e equipamentos, sendo realizada a entrega tanto nos Campi da capital quanto do interior<\/strong><\/li>\n\n\n\n<li><strong>Controlar o consumo de materiais e estabelecimento de n\u00edveis de estoque adequados<\/strong><\/li>\n\n\n\n<li><strong>Coordenar e realizar a Dispensa Eletr\u00f4nica<\/strong><\/li>\n\n\n\n<li><strong>Gerir o Plano de Contrata\u00e7\u00e3o Anual &#8211; PCA.<\/strong><\/li>\n<\/ul>\n<\/div><\/div>\n\n\n\n<div id=\"equipe\" class=\"wp-block-uagb-container uagb-block-28a1a34d default uagb-is-root-container\">\n<div class=\"wp-block-uagb-advanced-heading uagb-block-bd94f767\"><h3 class=\"uagb-heading-text\"><strong><strong>Estrutura Organizacional<\/strong><\/strong><\/h3><div class=\"uagb-separator\"><\/div><\/div>\n\n\n\n<figure class=\"wp-block-table is-style-stripes\"><table class=\"has-ast-global-color-8-color has-text-color has-link-color\" style=\"border-style:none;border-width:0px\"><thead><tr><th class=\"has-text-align-center\" data-align=\"center\">Diretoria<\/th><th class=\"has-text-align-center\" data-align=\"center\">Coordena\u00e7\u00e3o do Almoxarifado Central<\/th><\/tr><\/thead><tbody><tr><td class=\"has-text-align-center\" data-align=\"center\">Francinely do Socorro Auad Thijm Nascimento<br>&nbsp;<\/td><td class=\"has-text-align-center\" data-align=\"center\">E-mail: <a href=\"mailto:francinely@uepa.br\">almoxarifado@uepa.br<\/a><\/td><\/tr><tr><td class=\"has-text-align-center\" data-align=\"center\">E-mail: <a href=\"mailto:francinely@uepa.br\">francinely@uepa.br<\/a><\/td><td class=\"has-text-align-center\" data-align=\"center\">Telefone: (91) 3284-9117<\/td><\/tr><tr><td class=\"has-text-align-center\" data-align=\"center\">Telefone: (91) 3284-9529<\/td><td class=\"has-text-align-center\" data-align=\"center\">Endere\u00e7o: Travessa Mauriti, 695- Pedreira &#8211; Bel\u00e9m\/PA<\/td><\/tr><tr><td class=\"has-text-align-center\" data-align=\"center\"><\/td><td class=\"has-text-align-center\" data-align=\"center\">CEP: 66083-000<\/td><\/tr><tr><td class=\"has-text-align-center\" data-align=\"center\"><\/td><td class=\"has-text-align-center\" data-align=\"center\">Hor\u00e1rio de Funcionamento: 08h00 \u00e0s 16h00<\/td><\/tr><tr><td class=\"has-text-align-center\" data-align=\"center\"><\/td><td class=\"has-text-align-center\" data-align=\"center\">Coordenadora: Dircira Saraiva da Silva<\/td><\/tr><tr><td class=\"has-text-align-center\" data-align=\"center\"><\/td><td class=\"has-text-align-center\" data-align=\"center\">E-mail: <a href=\"mailto:francinely@uepa.br\">dircira@uepa.br<\/a><\/td><\/tr><tr><td class=\"has-text-align-center\" data-align=\"center\"><\/td><td class=\"has-text-align-center\" data-align=\"center\">Telefone: (91) 3284-9117<\/td><\/tr><\/tbody><\/table><\/figure>\n<\/div>\n\n\n\n<div id=\"noticias\" class=\"wp-block-uagb-container uagb-block-76fedb7c alignfull uagb-is-root-container\"><div class=\"uagb-container__shape uagb-container__shape-bottom uagb-container__invert\" data-negative=\"false\"><svg xmlns=\"https:\/\/www.w3.org\/2000\/svg\" viewBox=\"0 0 1000 100\" preserveAspectRatio=\"none\"><path class=\"uagb-container__shape-fill\" d=\"M0,0c0,0,0,6,0,6.7c0,18,240.2,93.6,615.2,92.6C989.8,98.5,1000,25,1000,6.7c0-0.7,0-6.7,0-6.7H0z\"><\/path><\/svg><\/div><div class=\"uagb-container-inner-blocks-wrap\">\n<div class=\"wp-block-uagb-advanced-heading uagb-block-4c569b11\"><h3 class=\"uagb-heading-text\"><strong>Not\u00edcias<\/strong><\/h3><div class=\"uagb-separator\"><\/div><\/div>\n\n\n\n\t\t\t<div class=\"wp-block-uagb-post-carousel uagb-post-grid  uagb-post__image-position-top uagb-post__image-enabled uagb-block-d7a56af8     uagb-post__arrow-outside uagb-post__items uagb-post__columns-1 is-carousel uagb-post__columns-tablet-2 uagb-post__columns-mobile-1\" data-total=\"1\" style=\"\">\n\n\t\t\t\t\t\t\t\t\t\t\t\t<article class=\"uagb-post__inner-wrap\">\t\t\t\t\t\t\t\t<h4 class=\"uagb-post__title uagb-post__text\">\n\t\t\t\t<a href=\"https:\/\/darm.uepa.br\/index.php\/2024\/02\/29\/ola-mundo\/\" target=\"_self\" rel=\"bookmark noopener noreferrer\">Sobre a Diretoria de Recursos Materiais (DARM)<\/a>\n\t\t\t<\/h4>\n\t\t\t\t\t\t<div class='uagb-post__text uagb-post-grid-byline'>\n\t\t\t\t\t\t\t\t<time datetime=\"2024-02-29T11:12:24-03:00\" class=\"uagb-post__date\">\n\t\t\t\t<span class=\"dashicons-calendar dashicons\"><\/span>\t\t\t\t\t29 de fevereiro de 2024\t\t\t\t<\/time>\n\t\t\t\t\t\t<\/div>\n\t\t\t\t\t\t\t<div class='uagb-post__text uagb-post__excerpt'>\n\t\t\t\t\t<p>A Diretoria de Administra\u00e7\u00e3o de Recursos Materiais \u00e9 uma diretoria vinculada a PROGESP (Pr\u00f3-Reitoria de Gest\u00e3o e Planejamento) para o qual s\u00e3o feitas as solicita\u00e7\u00f5es para aquisi\u00e7\u00e3o de material de consumo e permanente&#8230;.\t\t\t\t<\/div>\n\t\t\t\t\t\t<div class=\"uagb-post__text uagb-post__cta wp-block-button\">\n\t\t\t\t<a class=\"wp-block-button__link uagb-text-link\" href=\"https:\/\/darm.uepa.br\/index.php\/2024\/02\/29\/ola-mundo\/\" target=\"_self\" rel=\"bookmark noopener noreferrer\">Ler mais<\/a>\n\t\t\t<\/div>\n\t\t\t\t\t\t\t\t\t\t\t\t<\/article>\n\t\t\t\t\t\t\t\t\t\t\t<\/div>\n\t\t\t<\/div><\/div>\n","protected":false},"excerpt":{"rendered":"<p>Diretoria de Administra\u00e7\u00e3o de Recursos de Materiais Respons\u00e1vel pela coordena\u00e7\u00e3o, execu\u00e7\u00e3o e controle das atividades relativas \u00e0 aquisi\u00e7\u00e3o, recep\u00e7\u00e3o, armazenagem e distribui\u00e7\u00e3o de material de consumo e permanente. Apresenta\u00e7\u00e3o A Diretoria de Administra\u00e7\u00e3o de Recursos Materiais \u00e9 uma diretoria vinculada a PROGESP (Pr\u00f3-Reitoria de Gest\u00e3o e Planejamento) para o qual s\u00e3o feitas as solicita\u00e7\u00f5es para &hellip;<\/p>\n<p class=\"read-more\"> <a class=\"\" href=\"https:\/\/darm.uepa.br\/\"> <span class=\"screen-reader-text\">Home<\/span> Leia mais &raquo;<\/a><\/p>\n","protected":false},"author":1,"featured_media":0,"parent":0,"menu_order":0,"comment_status":"closed","ping_status":"closed","template":"","meta":{"_uag_custom_page_level_css":"","site-sidebar-layout":"no-sidebar","site-content-layout":"plain-container","ast-site-content-layout":"","site-content-style":"default","site-sidebar-style":"default","ast-global-header-display":"","ast-banner-title-visibility":"","ast-main-header-display":"","ast-hfb-above-header-display":"","ast-hfb-below-header-display":"","ast-hfb-mobile-header-display":"","site-post-title":"disabled","ast-breadcrumbs-content":"","ast-featured-img":"","footer-sml-layout":"","theme-transparent-header-meta":"enabled","adv-header-id-meta":"","stick-header-meta":"","header-above-stick-meta":"","header-main-stick-meta":"","header-below-stick-meta":"","astra-migrate-meta-layouts":"","ast-page-background-enabled":"default","ast-page-background-meta":{"desktop":{"background-color":"var(--ast-global-color-4)","background-image":"","background-repeat":"repeat","background-position":"center center","background-size":"auto","background-attachment":"scroll","background-type":"","background-media":"","overlay-type":"","overlay-color":"","overlay-gradient":""},"tablet":{"background-color":"","background-image":"","background-repeat":"repeat","background-position":"center center","background-size":"auto","background-attachment":"scroll","background-type":"","background-media":"","overlay-type":"","overlay-color":"","overlay-gradient":""},"mobile":{"background-color":"","background-image":"","background-repeat":"repeat","background-position":"center center","background-size":"auto","background-attachment":"scroll","background-type":"","background-media":"","overlay-type":"","overlay-color":"","overlay-gradient":""}},"ast-content-background-meta":{"desktop":{"background-color":"var(--ast-global-color-5)","background-image":"","background-repeat":"repeat","background-position":"center center","background-size":"auto","background-attachment":"scroll","background-type":"","background-media":"","overlay-type":"","overlay-color":"","overlay-gradient":""},"tablet":{"background-color":"var(--ast-global-color-5)","background-image":"","background-repeat":"repeat","background-position":"center center","background-size":"auto","background-attachment":"scroll","background-type":"","background-media":"","overlay-type":"","overlay-color":"","overlay-gradient":""},"mobile":{"background-color":"var(--ast-global-color-5)","background-image":"","background-repeat":"repeat","background-position":"center center","background-size":"auto","background-attachment":"scroll","background-type":"","background-media":"","overlay-type":"","overlay-color":"","overlay-gradient":""}},"footnotes":""},"class_list":["post-11","page","type-page","status-publish","hentry"],"uagb_featured_image_src":{"full":false,"thumbnail":false,"medium":false,"medium_large":false,"large":false,"1536x1536":false,"2048x2048":false,"web-stories-poster-portrait":false,"web-stories-publisher-logo":false,"web-stories-thumbnail":false},"uagb_author_info":{"display_name":"adminsites@uepa.br","author_link":"https:\/\/darm.uepa.br\/index.php\/author\/adminsitesuepa-br\/"},"uagb_comment_info":0,"uagb_excerpt":"Diretoria de Administra\u00e7\u00e3o de Recursos de Materiais Respons\u00e1vel pela coordena\u00e7\u00e3o, execu\u00e7\u00e3o e controle das atividades relativas \u00e0 aquisi\u00e7\u00e3o, recep\u00e7\u00e3o, armazenagem e distribui\u00e7\u00e3o de material de consumo e permanente. Apresenta\u00e7\u00e3o A Diretoria de Administra\u00e7\u00e3o de Recursos Materiais \u00e9 uma diretoria vinculada a PROGESP (Pr\u00f3-Reitoria de Gest\u00e3o e Planejamento) para o qual s\u00e3o feitas as solicita\u00e7\u00f5es para&hellip;","_links":{"self":[{"href":"https:\/\/darm.uepa.br\/index.php\/wp-json\/wp\/v2\/pages\/11","targetHints":{"allow":["GET"]}}],"collection":[{"href":"https:\/\/darm.uepa.br\/index.php\/wp-json\/wp\/v2\/pages"}],"about":[{"href":"https:\/\/darm.uepa.br\/index.php\/wp-json\/wp\/v2\/types\/page"}],"author":[{"embeddable":true,"href":"https:\/\/darm.uepa.br\/index.php\/wp-json\/wp\/v2\/users\/1"}],"replies":[{"embeddable":true,"href":"https:\/\/darm.uepa.br\/index.php\/wp-json\/wp\/v2\/comments?post=11"}],"version-history":[{"count":36,"href":"https:\/\/darm.uepa.br\/index.php\/wp-json\/wp\/v2\/pages\/11\/revisions"}],"predecessor-version":[{"id":185,"href":"https:\/\/darm.uepa.br\/index.php\/wp-json\/wp\/v2\/pages\/11\/revisions\/185"}],"wp:attachment":[{"href":"https:\/\/darm.uepa.br\/index.php\/wp-json\/wp\/v2\/media?parent=11"}],"curies":[{"name":"wp","href":"https:\/\/api.w.org\/{rel}","templated":true}]}}